{"id":92,"date":"2016-09-20T15:39:41","date_gmt":"2016-09-20T13:39:41","guid":{"rendered":"http:\/\/wsc.at\/wp\/?page_id=92"},"modified":"2025-11-23T13:05:24","modified_gmt":"2025-11-23T12:05:24","slug":"statuten","status":"publish","type":"page","link":"https:\/\/wsc.at\/wp\/statuten\/","title":{"rendered":"Verein"},"content":{"rendered":"<p><strong>ZVR Nummer: <\/strong><a href=\"http:\/\/zvr.bmi.gv.at\/Start\" target=\"_blank\" rel=\"noopener noreferrer\">559316329<\/a> &#8211; <a href=\"https:\/\/wsc.at\/wp\/wp-content\/uploads\/2025\/07\/Vereinsregisterauszug_WSC_2025_07.pdf\" target=\"_blank\" rel=\"noopener\">Vereinsregisterauszug<\/a><\/p>\n<h5><strong>Pr\u00e4sidium &amp; Vorstand (26.11.2024):<\/strong><\/h5>\n<table style=\"width: 830px;\">\n<tbody>\n<tr>\n<td style=\"width: 408.367px;\">Pr\u00e4sident &amp; Sektionsleiter Schwimmen:<\/td>\n<td style=\"width: 373.033px;\">Wolfgang Raml<\/td>\n<\/tr>\n<tr>\n<td style=\"width: 408.367px;\">Vizepr\u00e4sidentin:<\/td>\n<td style=\"width: 373.033px;\">Eva Mack<\/td>\n<\/tr>\n<tr>\n<td style=\"width: 408.367px;\">Vizepr\u00e4sident &amp; Sektionsleiter Fu\u00dfball:<\/td>\n<td style=\"width: 373.033px;\">David Krapf-G\u00fcnther<\/td>\n<\/tr>\n<tr>\n<td style=\"width: 408.367px;\">Vizepr\u00e4sident &amp; Sektionsleiter Rad:<\/td>\n<td style=\"width: 373.033px;\">Thomas Kaider<\/td>\n<\/tr>\n<tr>\n<td style=\"width: 408.367px;\">Kassierin:<\/td>\n<td style=\"width: 373.033px;\">Christina Schulz<\/td>\n<\/tr>\n<tr>\n<td style=\"width: 408.367px;\">Kassierin Stellvertreter:<\/td>\n<td style=\"width: 373.033px;\"><em>&lt;derzeit vakant&gt;<\/em><\/td>\n<\/tr>\n<tr>\n<td style=\"width: 408.367px;\">Schriftf\u00fchrer &amp; Datenschutzexperte:<\/td>\n<td style=\"width: 373.033px;\">Thomas Girstmair<\/td>\n<\/tr>\n<tr>\n<td style=\"width: 408.367px;\">Schriftf\u00fchrer Stellvertreter:<\/td>\n<td style=\"width: 373.033px;\">Georg Weigl<em><br \/>\n<\/em><\/td>\n<\/tr>\n<tr>\n<td style=\"width: 408.367px;\">Sektionsleiter Squash:<\/td>\n<td style=\"width: 373.033px;\">Alan Zalas<\/td>\n<\/tr>\n<tr>\n<td style=\"width: 408.367px;\">Sektionsleiter Fechten:<\/td>\n<td style=\"width: 373.033px;\">Johannes Hradez<\/td>\n<\/tr>\n<tr>\n<td style=\"width: 408.367px;\">Sektionsleiter Wasserball:<\/td>\n<td style=\"width: 373.033px;\">Harald Hayek<\/td>\n<\/tr>\n<tr>\n<td style=\"width: 408.367px;\">Sektionsleiter Laufen:<\/td>\n<td style=\"width: 373.033px;\">Nicholas Schrems<\/td>\n<\/tr>\n<tr>\n<td style=\"width: 408.367px;\">Sektionsleiter Eishockey:<\/td>\n<td style=\"width: 373.033px;\">Clemens Ederer<\/td>\n<\/tr>\n<tr>\n<td style=\"width: 408.367px;\">Sektionsleiterin Petanque:<\/td>\n<td style=\"width: 373.033px;\">Agnes Fekete<\/td>\n<\/tr>\n<tr>\n<td style=\"width: 408.367px;\">Sektionsleiter Tischfu\u00dfball:<\/td>\n<td style=\"width: 373.033px;\">Sascha Guscheh<\/td>\n<\/tr>\n<tr>\n<td style=\"width: 408.367px;\">EMCA Koordinator:<\/td>\n<td style=\"width: 373.033px;\">Wolfgang Raml<em><br \/>\n<\/em><\/td>\n<\/tr>\n<tr>\n<td style=\"width: 408.367px;\">Vertreterin FHT (kooptiert):<\/td>\n<td style=\"width: 373.033px;\">Aline Bonso<em><br \/>\n<\/em><\/td>\n<\/tr>\n<tr>\n<td style=\"width: 408.367px;\">Vertreterin AV (kooptiert):<\/td>\n<td style=\"width: 373.033px;\">Sebastian Sch\u00f6nbauer<\/td>\n<\/tr>\n<tr>\n<td style=\"width: 408.367px;\">Vertreter Kuratorium (kooptiert):<\/td>\n<td style=\"width: 373.033px;\"><span style=\"font-size: 10pt;\"><em>&lt;derzeit vakant&gt;<\/em><\/span><\/td>\n<\/tr>\n<\/tbody>\n<\/table>\n<h5><strong>Aufsichtsrat (20.11.2025):<\/strong><\/h5>\n<table style=\"width: 830px;\">\n<tbody>\n<tr>\n<td style=\"width: 427.5px;\">Mitglied:<\/td>\n<td style=\"width: 394.5px;\">Markus Pletterbauer<\/td>\n<\/tr>\n<tr>\n<td style=\"width: 427.5px;\">Mitglied:<\/td>\n<td style=\"width: 394.5px;\">Martin Pamphlett<\/td>\n<\/tr>\n<tr>\n<td style=\"width: 427.5px;\">Mitglied:<\/td>\n<td style=\"width: 394.5px;\">Stefan Freytag<\/td>\n<\/tr>\n<tr>\n<td style=\"width: 427.5px;\">Mitglied:<\/td>\n<td style=\"width: 394.5px;\">Markus Grimm<\/td>\n<\/tr>\n<tr>\n<td style=\"width: 427.5px;\">Mitglied:<\/td>\n<td style=\"width: 394.5px;\">Maximilian Pesta<\/td>\n<\/tr>\n<\/tbody>\n<\/table>\n<h5><strong>Downloads:<\/strong><\/h5>\n<ul>\n<li><a href=\"https:\/\/wsc.at\/wp\/wp-content\/uploads\/2024\/12\/WSC-Statuten-2024-final.pdf\" target=\"_blank\" rel=\"noopener\">Vereinsstatuten des Wiener Sport-Club (26.11.2024) (pdf)<\/a><\/li>\n<li>Zum Vergleich: <a href=\"http:\/\/wsc.at\/wp\/wp-content\/uploads\/2016\/09\/WSC_Statuten_2017.pdf\" target=\"_blank\" rel=\"noopener noreferrer\">Vereinsstatuten 2017 (19.6.2017) (pdf)<\/a><\/li>\n<li><a href=\"http:\/\/wsc.at\/wp\/wp-content\/uploads\/2020\/09\/20200924_Formular_Mitgliedsantrag_WSC-GESAMT.pdf\">Mitgliedsantrag Allgemein ab 2020\/21 (Gesamtverein)<\/a><\/li>\n<li><a href=\"http:\/\/wsc.at\/wp\/wp-content\/uploads\/2018\/06\/20180522_Formular_Mitgliedsantrag_WSC-Fu\u00dfball.pdf\">Mitgliedsantrag Fu\u00dfball ab 2018\/19<\/a><\/li>\n<li><a href=\"http:\/\/wsc.at\/wp\/wp-content\/uploads\/2018\/04\/WSC_Logos_Bkgd_White.zip\" target=\"_blank\" rel=\"noopener noreferrer\">Vereinswappen\u00a0Hintergrund wei\u00df\u00a0(png)<\/a><\/li>\n<li><a href=\"https:\/\/wsc.at\/wp\/wp-content\/uploads\/2024\/03\/WSC_Wappen_2023.png\">Vereinswappen (png)<\/a><\/li>\n<li><a href=\"https:\/\/wsc.at\/wp\/wp-content\/uploads\/2024\/03\/WSC_Wappen_2023.zip\" target=\"_blank\" rel=\"noopener noreferrer\">Vereinswappen (zip)<\/a>\u00a0[Formate svg, eps, ai &amp; png]<\/li>\n<\/ul>\n<h5><strong>Bankverbindung &amp; Gesch\u00e4ftsordnungen:<\/strong><\/h5>\n<table style=\"height: 494px; width: 100%;\">\n<tbody>\n<tr style=\"height: 36px;\">\n<td style=\"height: 36px; width: 35%;\">Gesamtverein:<\/td>\n<td style=\"height: 36px; width: 55.2857%;\">AT11 3200 0000 1223 1973<\/td>\n<td style=\"width: 9.5714%; text-align: center;\"><\/td>\n<\/tr>\n<tr style=\"height: 36px;\">\n<td style=\"height: 36px; width: 35%;\">Sektion Fechten:<\/td>\n<td style=\"height: 36px; width: 55.2857%;\">AT42 3200 0000 2421 8869<\/td>\n<td style=\"width: 9.5714%;\"><a href=\"https:\/\/wsc.at\/wp\/wp-content\/uploads\/2024\/12\/GO_WSC_FE.pdf\" target=\"_blank\" rel=\"noopener\"><img data-recalc-dims=\"1\" loading=\"lazy\" decoding=\"async\" class=\"alignnone size-full wp-image-2465\" src=\"https:\/\/i0.wp.com\/wsc.at\/wp\/wp-content\/uploads\/2024\/12\/pdf_36.png?resize=36%2C37&#038;ssl=1\" alt=\"\" width=\"36\" height=\"37\" \/><\/a><\/td>\n<\/tr>\n<tr style=\"height: 36px;\">\n<td style=\"height: 36px; width: 35%;\">Sektion Rad:<\/td>\n<td style=\"height: 36px; width: 55.2857%;\">AT60 3200 0000 2421 8836<\/td>\n<td style=\"width: 9.5714%;\"><\/td>\n<\/tr>\n<tr style=\"height: 36px;\">\n<td style=\"height: 36px; width: 35%;\">Sektion Wasserball:<\/td>\n<td style=\"height: 36px; width: 55.2857%;\">AT30 3200 0000 2422 0055<\/td>\n<td style=\"width: 9.5714%;\"><a href=\"https:\/\/wsc.at\/wp\/wp-content\/uploads\/2024\/12\/GO_WSC_WB.pdf\" target=\"_blank\" rel=\"noopener\"><img data-recalc-dims=\"1\" loading=\"lazy\" decoding=\"async\" class=\"alignnone size-full wp-image-2465\" src=\"https:\/\/i0.wp.com\/wsc.at\/wp\/wp-content\/uploads\/2024\/12\/pdf_36.png?resize=36%2C37&#038;ssl=1\" alt=\"\" width=\"36\" height=\"37\" \/><\/a><\/td>\n<\/tr>\n<tr style=\"height: 36px;\">\n<td style=\"height: 36px; width: 35%;\">Sektion Schwimmen:<\/td>\n<td style=\"height: 36px; width: 55.2857%;\">AT82 3200 0000 2422 0089<\/td>\n<td style=\"width: 9.5714%;\"><a href=\"https:\/\/wsc.at\/wp\/wp-content\/uploads\/2024\/12\/GO_WSC_SW.pdf\" target=\"_blank\" rel=\"noopener\"><img data-recalc-dims=\"1\" loading=\"lazy\" decoding=\"async\" src=\"https:\/\/i0.wp.com\/wsc.at\/wp\/wp-content\/uploads\/2024\/12\/pdf_36.png?resize=36%2C37&#038;ssl=1\" alt=\"Download pdf\" width=\"36\" height=\"37\" \/><\/a><\/td>\n<\/tr>\n<tr style=\"height: 36px;\">\n<td style=\"height: 36px; width: 35%;\">Sektion Squash:<\/td>\n<td style=\"height: 36px; width: 55.2857%;\">AT91 3200 0000 2422 0121<\/td>\n<td style=\"width: 9.5714%;\"><\/td>\n<\/tr>\n<tr style=\"height: 36px;\">\n<td style=\"height: 36px; width: 35%;\">Sektion Laufen:<\/td>\n<td style=\"height: 36px; width: 55.2857%;\">AT50 3200 0000 2542 0167<\/td>\n<td style=\"width: 9.5714%;\"><\/td>\n<\/tr>\n<tr style=\"height: 36px;\">\n<td style=\"height: 36px; width: 35%;\">Sektion Fu\u00dfball:<\/td>\n<td style=\"height: 36px; width: 55.2857%;\">AT06 2011 1289 2717 0500<\/td>\n<td style=\"width: 9.5714%;\"><a href=\"https:\/\/wsc.at\/wp\/wp-content\/uploads\/2025\/02\/GO_WSC_Fussball-2-Stv_BESCHLUSS-20180823.pdf\" target=\"_blank\" rel=\"noopener\"><img data-recalc-dims=\"1\" loading=\"lazy\" decoding=\"async\" src=\"https:\/\/i0.wp.com\/wsc.at\/wp\/wp-content\/uploads\/2024\/12\/pdf_36.png?resize=36%2C37&#038;ssl=1\" alt=\"Download pdf\" width=\"36\" height=\"37\" \/><\/a><\/td>\n<\/tr>\n<tr style=\"height: 36px;\">\n<td style=\"height: 36px; width: 35%;\">Sektion Eishockey:<\/td>\n<td style=\"height: 36px; width: 55.2857%;\">AT23 3200 0000 1269 2604<\/td>\n<td style=\"width: 9.5714%;\"><a href=\"https:\/\/wsc.at\/wp\/wp-content\/uploads\/2025\/02\/Geschaeftsordnung-Eishockey.pdf\" target=\"_blank\" rel=\"noopener\"><img data-recalc-dims=\"1\" loading=\"lazy\" decoding=\"async\" src=\"https:\/\/i0.wp.com\/wsc.at\/wp\/wp-content\/uploads\/2024\/12\/pdf_36.png?resize=36%2C37&#038;ssl=1\" alt=\"Download pdf\" width=\"36\" height=\"37\" \/><\/a><\/td>\n<\/tr>\n<tr style=\"height: 33px;\">\n<td style=\"width: 35%; height: 33px;\">Sektion Petanque:<\/td>\n<td style=\"width: 55.2857%; height: 33px;\">AT43 3200 0000 1326 0179<\/td>\n<td style=\"width: 9.5714%;\"><a href=\"https:\/\/wsc.at\/wp\/wp-content\/uploads\/2025\/02\/WSC-Petanque-Geschaeftsordnung.pdf\" target=\"_blank\" rel=\"noopener\"><img data-recalc-dims=\"1\" loading=\"lazy\" decoding=\"async\" src=\"https:\/\/i0.wp.com\/wsc.at\/wp\/wp-content\/uploads\/2024\/12\/pdf_36.png?resize=36%2C37&#038;ssl=1\" alt=\"Download pdf\" width=\"36\" height=\"37\" \/><\/a><\/td>\n<\/tr>\n<tr style=\"height: 29px;\">\n<td style=\"width: 35%; height: 29px;\">Sektion Tischfu\u00dfball:<\/td>\n<td style=\"width: 55.2857%; height: 29px;\">AT63 3200 0010 1223 1973<\/td>\n<td style=\"width: 9.5714%;\"><\/td>\n<\/tr>\n<tr style=\"height: 36px;\">\n<td style=\"height: 36px; width: 35%;\">EMCA Projekte:<\/td>\n<td style=\"height: 36px; width: 55.2857%;\">AT81 3200 0000 1286 1019<\/td>\n<td style=\"width: 9.5714%;\"><\/td>\n<\/tr>\n<tr style=\"height: 36px;\">\n<td style=\"height: 36px; width: 35%;\">WSC Stadion GmbH:<\/td>\n<td style=\"height: 36px; width: 55.2857%;\">AT93 2011 1280 2811 2600<\/td>\n<td style=\"width: 9.5714%;\"><\/td>\n<\/tr>\n<\/tbody>\n<\/table>\n<h5><strong>Rechnungspr\u00fcfer (26.11.2024):<\/strong><\/h5>\n<table style=\"width: 415.5px;\">\n<tbody>\n<tr>\n<td style=\"width: 409.5px;\">G\u00fcnther Pfefferkorn (Fu\u00dfball)<\/td>\n<\/tr>\n<tr>\n<td style=\"width: 409.5px;\">David Seres (Squash)<\/td>\n<\/tr>\n<\/tbody>\n<\/table>\n<h5><strong>Archivare (26.11.2024):<\/strong><\/h5>\n<table style=\"width: 59.5714%;\">\n<tbody>\n<tr>\n<td style=\"width: 100%;\">Sebastian Sch\u00f6nbauer (Fu\u00dfball)<\/td>\n<\/tr>\n<tr>\n<td style=\"width: 100%;\"><\/td>\n<\/tr>\n<\/tbody>\n<\/table>\n<h5><strong>Schiedsgericht (26.11.2024):<\/strong><\/h5>\n<table style=\"width: 417.5px;\">\n<tbody>\n<tr>\n<td style=\"width: 411.5px;\">Bernhard Wuschitz (Fechten)<\/td>\n<\/tr>\n<tr>\n<td style=\"width: 411.5px;\">Florian Plasch (Rad)<\/td>\n<\/tr>\n<tr>\n<td style=\"width: 411.5px;\">Renate Mowlam (Schwimmen)<\/td>\n<\/tr>\n<tr>\n<td style=\"width: 411.5px;\">Alexander Wettig (Squash)<\/td>\n<\/tr>\n<tr>\n<td style=\"width: 411.5px;\">Mario Orsi (Fu\u00dfball)<\/td>\n<\/tr>\n<\/tbody>\n<\/table>\n<h5><\/h5>\n<h5><strong>Wiener Sport-Club GmbH (FN 546178 d): 100%<br \/>\n<\/strong><\/h5>\n<p>Bestellter Gesch\u00e4ftsf\u00fchrer (4.11.2020)<\/p>\n<table style=\"width: 57.8571%;\">\n<tbody>\n<tr>\n<td style=\"width: 100%;\">David Krapf-G\u00fcnther<\/td>\n<\/tr>\n<\/tbody>\n<\/table>\n<h5><\/h5>\n<h5><strong>Sport-Club-Platz Stadionerrichtungs- und Betriebs GmbH (FN 228704 f): 100%<br \/>\n<\/strong><\/h5>\n<p>Bestellte Gesch\u00e4ftsf\u00fchrer:<\/p>\n<p><span style=\"text-decoration: underline;\"><strong>Seit 12.12.2022:<\/strong><\/span><\/p>\n<table style=\"width: 58.8571%;\">\n<tbody>\n<tr>\n<td style=\"width: 100%;\">Thomas Girstmair<\/td>\n<\/tr>\n<tr>\n<td style=\"width: 100%;\">Wolfgang Raml<\/td>\n<\/tr>\n<tr>\n<td style=\"width: 100%;\">David Krapf-G\u00fcnther<\/td>\n<\/tr>\n<\/tbody>\n<\/table>\n<p><span style=\"text-decoration: underline;\">29.8.2017 &#8211; 12.12.2022:<\/span><\/p>\n<table style=\"width: 59.4286%;\">\n<tbody>\n<tr>\n<td style=\"width: 100%;\">Bernd Eger<\/td>\n<\/tr>\n<tr>\n<td style=\"width: 100%;\">Heinz Palme<\/td>\n<\/tr>\n<\/tbody>\n<\/table>\n<p>&nbsp;<\/p>\n<p><a href=\"https:\/\/wsc.at\/wp\/?page_id=1146\"><span style=\"font-size: 12pt;\"><strong>Impressum<\/strong><\/span><\/a><\/p>\n","protected":false},"excerpt":{"rendered":"<p>ZVR Nummer: 559316329 &#8211; Vereinsregisterauszug Pr\u00e4sidium &amp; Vorstand (26.11.2024): Pr\u00e4sident &amp; Sektionsleiter Schwimmen: Wolfgang Raml Vizepr\u00e4sidentin: Eva Mack Vizepr\u00e4sident &amp; Sektionsleiter Fu\u00dfball: David Krapf-G\u00fcnther Vizepr\u00e4sident [&#8230;]<\/p>\n","protected":false},"author":1,"featured_media":0,"parent":0,"menu_order":0,"comment_status":"closed","ping_status":"closed","template":"","meta":{"footnotes":""},"class_list":["post-92","page","type-page","status-publish","hentry"],"yoast_head":"<!-- This site is optimized with the Yoast SEO plugin v27.3 - https:\/\/yoast.com\/product\/yoast-seo-wordpress\/ -->\n<title>Verein - WIENER SPORT-CLUB<\/title>\n<meta name=\"robots\" content=\"index, follow, max-snippet:-1, max-image-preview:large, max-video-preview:-1\" \/>\n<link rel=\"canonical\" href=\"https:\/\/wsc.at\/wp\/statuten\/\" \/>\n<meta property=\"og:locale\" content=\"de_DE\" \/>\n<meta property=\"og:type\" content=\"article\" \/>\n<meta property=\"og:title\" content=\"Verein - WIENER SPORT-CLUB\" \/>\n<meta property=\"og:description\" content=\"ZVR Nummer: 559316329 &#8211; Vereinsregisterauszug Pr\u00e4sidium &amp; Vorstand (26.11.2024): Pr\u00e4sident &amp; Sektionsleiter Schwimmen: Wolfgang Raml Vizepr\u00e4sidentin: Eva Mack Vizepr\u00e4sident &amp; Sektionsleiter Fu\u00dfball: David Krapf-G\u00fcnther Vizepr\u00e4sident [...]\" \/>\n<meta property=\"og:url\" content=\"https:\/\/wsc.at\/wp\/statuten\/\" \/>\n<meta property=\"og:site_name\" content=\"WIENER SPORT-CLUB\" \/>\n<meta property=\"article:publisher\" content=\"https:\/\/www.facebook.com\/wienersportclub1883\" \/>\n<meta property=\"article:modified_time\" content=\"2025-11-23T12:05:24+00:00\" \/>\n<meta property=\"og:image\" content=\"https:\/\/wsc.at\/wp\/wp-content\/uploads\/2024\/12\/pdf_36.png\" \/>\n<meta name=\"twitter:card\" content=\"summary_large_image\" \/>\n<meta name=\"twitter:site\" content=\"@WienerSportClub\" \/>\n<meta name=\"twitter:label1\" content=\"Gesch\u00e4tzte Lesezeit\" \/>\n\t<meta name=\"twitter:data1\" content=\"3\u00a0Minuten\" \/>\n<script type=\"application\/ld+json\" class=\"yoast-schema-graph\">{\"@context\":\"https:\\\/\\\/schema.org\",\"@graph\":[{\"@type\":\"WebPage\",\"@id\":\"https:\\\/\\\/wsc.at\\\/wp\\\/statuten\\\/\",\"url\":\"https:\\\/\\\/wsc.at\\\/wp\\\/statuten\\\/\",\"name\":\"Verein - WIENER SPORT-CLUB\",\"isPartOf\":{\"@id\":\"https:\\\/\\\/wsc.at\\\/wp\\\/#website\"},\"primaryImageOfPage\":{\"@id\":\"https:\\\/\\\/wsc.at\\\/wp\\\/statuten\\\/#primaryimage\"},\"image\":{\"@id\":\"https:\\\/\\\/wsc.at\\\/wp\\\/statuten\\\/#primaryimage\"},\"thumbnailUrl\":\"https:\\\/\\\/wsc.at\\\/wp\\\/wp-content\\\/uploads\\\/2024\\\/12\\\/pdf_36.png\",\"datePublished\":\"2016-09-20T13:39:41+00:00\",\"dateModified\":\"2025-11-23T12:05:24+00:00\",\"breadcrumb\":{\"@id\":\"https:\\\/\\\/wsc.at\\\/wp\\\/statuten\\\/#breadcrumb\"},\"inLanguage\":\"de\",\"potentialAction\":[{\"@type\":\"ReadAction\",\"target\":[\"https:\\\/\\\/wsc.at\\\/wp\\\/statuten\\\/\"]}]},{\"@type\":\"ImageObject\",\"inLanguage\":\"de\",\"@id\":\"https:\\\/\\\/wsc.at\\\/wp\\\/statuten\\\/#primaryimage\",\"url\":\"https:\\\/\\\/i0.wp.com\\\/wsc.at\\\/wp\\\/wp-content\\\/uploads\\\/2024\\\/12\\\/pdf_36.png?fit=36%2C37&ssl=1\",\"contentUrl\":\"https:\\\/\\\/i0.wp.com\\\/wsc.at\\\/wp\\\/wp-content\\\/uploads\\\/2024\\\/12\\\/pdf_36.png?fit=36%2C37&ssl=1\",\"width\":36,\"height\":37},{\"@type\":\"BreadcrumbList\",\"@id\":\"https:\\\/\\\/wsc.at\\\/wp\\\/statuten\\\/#breadcrumb\",\"itemListElement\":[{\"@type\":\"ListItem\",\"position\":1,\"name\":\"Startseite\",\"item\":\"https:\\\/\\\/wsc.at\\\/wp\\\/\"},{\"@type\":\"ListItem\",\"position\":2,\"name\":\"Verein\"}]},{\"@type\":\"WebSite\",\"@id\":\"https:\\\/\\\/wsc.at\\\/wp\\\/#website\",\"url\":\"https:\\\/\\\/wsc.at\\\/wp\\\/\",\"name\":\"Wiener Sport-Club\",\"description\":\"Gegr\u00fcndet am 24. Februar 1883\",\"publisher\":{\"@id\":\"https:\\\/\\\/wsc.at\\\/wp\\\/#organization\"},\"potentialAction\":[{\"@type\":\"SearchAction\",\"target\":{\"@type\":\"EntryPoint\",\"urlTemplate\":\"https:\\\/\\\/wsc.at\\\/wp\\\/?s={search_term_string}\"},\"query-input\":{\"@type\":\"PropertyValueSpecification\",\"valueRequired\":true,\"valueName\":\"search_term_string\"}}],\"inLanguage\":\"de\"},{\"@type\":\"Organization\",\"@id\":\"https:\\\/\\\/wsc.at\\\/wp\\\/#organization\",\"name\":\"Wiener Sport-Club\",\"url\":\"https:\\\/\\\/wsc.at\\\/wp\\\/\",\"logo\":{\"@type\":\"ImageObject\",\"inLanguage\":\"de\",\"@id\":\"https:\\\/\\\/wsc.at\\\/wp\\\/#\\\/schema\\\/logo\\\/image\\\/\",\"url\":\"https:\\\/\\\/i0.wp.com\\\/wsc.at\\\/wp\\\/wp-content\\\/uploads\\\/2016\\\/09\\\/wsc_wappen_128.jpg?fit=128%2C128&ssl=1\",\"contentUrl\":\"https:\\\/\\\/i0.wp.com\\\/wsc.at\\\/wp\\\/wp-content\\\/uploads\\\/2016\\\/09\\\/wsc_wappen_128.jpg?fit=128%2C128&ssl=1\",\"width\":128,\"height\":128,\"caption\":\"Wiener Sport-Club\"},\"image\":{\"@id\":\"https:\\\/\\\/wsc.at\\\/wp\\\/#\\\/schema\\\/logo\\\/image\\\/\"},\"sameAs\":[\"https:\\\/\\\/www.facebook.com\\\/wienersportclub1883\",\"https:\\\/\\\/x.com\\\/WienerSportClub\",\"https:\\\/\\\/www.instagram.com\\\/wienersportclub\",\"https:\\\/\\\/de.wikipedia.org\\\/wiki\\\/Wiener_Sport-Club\"]}]}<\/script>\n<!-- \/ Yoast SEO plugin. -->","yoast_head_json":{"title":"Verein - WIENER SPORT-CLUB","robots":{"index":"index","follow":"follow","max-snippet":"max-snippet:-1","max-image-preview":"max-image-preview:large","max-video-preview":"max-video-preview:-1"},"canonical":"https:\/\/wsc.at\/wp\/statuten\/","og_locale":"de_DE","og_type":"article","og_title":"Verein - WIENER SPORT-CLUB","og_description":"ZVR Nummer: 559316329 &#8211; Vereinsregisterauszug Pr\u00e4sidium &amp; Vorstand (26.11.2024): Pr\u00e4sident &amp; Sektionsleiter Schwimmen: Wolfgang Raml Vizepr\u00e4sidentin: Eva Mack Vizepr\u00e4sident &amp; Sektionsleiter Fu\u00dfball: David Krapf-G\u00fcnther Vizepr\u00e4sident [...]","og_url":"https:\/\/wsc.at\/wp\/statuten\/","og_site_name":"WIENER SPORT-CLUB","article_publisher":"https:\/\/www.facebook.com\/wienersportclub1883","article_modified_time":"2025-11-23T12:05:24+00:00","og_image":[{"url":"https:\/\/wsc.at\/wp\/wp-content\/uploads\/2024\/12\/pdf_36.png","type":"","width":"","height":""}],"twitter_card":"summary_large_image","twitter_site":"@WienerSportClub","twitter_misc":{"Gesch\u00e4tzte Lesezeit":"3\u00a0Minuten"},"schema":{"@context":"https:\/\/schema.org","@graph":[{"@type":"WebPage","@id":"https:\/\/wsc.at\/wp\/statuten\/","url":"https:\/\/wsc.at\/wp\/statuten\/","name":"Verein - WIENER SPORT-CLUB","isPartOf":{"@id":"https:\/\/wsc.at\/wp\/#website"},"primaryImageOfPage":{"@id":"https:\/\/wsc.at\/wp\/statuten\/#primaryimage"},"image":{"@id":"https:\/\/wsc.at\/wp\/statuten\/#primaryimage"},"thumbnailUrl":"https:\/\/wsc.at\/wp\/wp-content\/uploads\/2024\/12\/pdf_36.png","datePublished":"2016-09-20T13:39:41+00:00","dateModified":"2025-11-23T12:05:24+00:00","breadcrumb":{"@id":"https:\/\/wsc.at\/wp\/statuten\/#breadcrumb"},"inLanguage":"de","potentialAction":[{"@type":"ReadAction","target":["https:\/\/wsc.at\/wp\/statuten\/"]}]},{"@type":"ImageObject","inLanguage":"de","@id":"https:\/\/wsc.at\/wp\/statuten\/#primaryimage","url":"https:\/\/i0.wp.com\/wsc.at\/wp\/wp-content\/uploads\/2024\/12\/pdf_36.png?fit=36%2C37&ssl=1","contentUrl":"https:\/\/i0.wp.com\/wsc.at\/wp\/wp-content\/uploads\/2024\/12\/pdf_36.png?fit=36%2C37&ssl=1","width":36,"height":37},{"@type":"BreadcrumbList","@id":"https:\/\/wsc.at\/wp\/statuten\/#breadcrumb","itemListElement":[{"@type":"ListItem","position":1,"name":"Startseite","item":"https:\/\/wsc.at\/wp\/"},{"@type":"ListItem","position":2,"name":"Verein"}]},{"@type":"WebSite","@id":"https:\/\/wsc.at\/wp\/#website","url":"https:\/\/wsc.at\/wp\/","name":"Wiener Sport-Club","description":"Gegr\u00fcndet am 24. Februar 1883","publisher":{"@id":"https:\/\/wsc.at\/wp\/#organization"},"potentialAction":[{"@type":"SearchAction","target":{"@type":"EntryPoint","urlTemplate":"https:\/\/wsc.at\/wp\/?s={search_term_string}"},"query-input":{"@type":"PropertyValueSpecification","valueRequired":true,"valueName":"search_term_string"}}],"inLanguage":"de"},{"@type":"Organization","@id":"https:\/\/wsc.at\/wp\/#organization","name":"Wiener Sport-Club","url":"https:\/\/wsc.at\/wp\/","logo":{"@type":"ImageObject","inLanguage":"de","@id":"https:\/\/wsc.at\/wp\/#\/schema\/logo\/image\/","url":"https:\/\/i0.wp.com\/wsc.at\/wp\/wp-content\/uploads\/2016\/09\/wsc_wappen_128.jpg?fit=128%2C128&ssl=1","contentUrl":"https:\/\/i0.wp.com\/wsc.at\/wp\/wp-content\/uploads\/2016\/09\/wsc_wappen_128.jpg?fit=128%2C128&ssl=1","width":128,"height":128,"caption":"Wiener Sport-Club"},"image":{"@id":"https:\/\/wsc.at\/wp\/#\/schema\/logo\/image\/"},"sameAs":["https:\/\/www.facebook.com\/wienersportclub1883","https:\/\/x.com\/WienerSportClub","https:\/\/www.instagram.com\/wienersportclub","https:\/\/de.wikipedia.org\/wiki\/Wiener_Sport-Club"]}]}},"jetpack_sharing_enabled":true,"_links":{"self":[{"href":"https:\/\/wsc.at\/wp\/wp-json\/wp\/v2\/pages\/92","targetHints":{"allow":["GET"]}}],"collection":[{"href":"https:\/\/wsc.at\/wp\/wp-json\/wp\/v2\/pages"}],"about":[{"href":"https:\/\/wsc.at\/wp\/wp-json\/wp\/v2\/types\/page"}],"author":[{"embeddable":true,"href":"https:\/\/wsc.at\/wp\/wp-json\/wp\/v2\/users\/1"}],"replies":[{"embeddable":true,"href":"https:\/\/wsc.at\/wp\/wp-json\/wp\/v2\/comments?post=92"}],"version-history":[{"count":2,"href":"https:\/\/wsc.at\/wp\/wp-json\/wp\/v2\/pages\/92\/revisions"}],"predecessor-version":[{"id":2753,"href":"https:\/\/wsc.at\/wp\/wp-json\/wp\/v2\/pages\/92\/revisions\/2753"}],"wp:attachment":[{"href":"https:\/\/wsc.at\/wp\/wp-json\/wp\/v2\/media?parent=92"}],"curies":[{"name":"wp","href":"https:\/\/api.w.org\/{rel}","templated":true}]}}